{"id":180,"date":"2025-04-06T00:40:55","date_gmt":"2025-04-05T22:40:55","guid":{"rendered":"https:\/\/emhing.com\/index.php\/front_page\/"},"modified":"2026-01-06T10:56:24","modified_gmt":"2026-01-06T09:56:24","slug":"front_page","status":"publish","type":"page","link":"https:\/\/emhing.com\/","title":{"rendered":"Accueil"},"content":{"rendered":"\n<div class=\"wp-block-columns is-layout-flex wp-container-core-columns-is-layout-28f84493 wp-block-columns-is-layout-flex\">\n<div class=\"wp-block-column is-layout-flow wp-block-column-is-layout-flow\" style=\"flex-basis:75%\">\n<h2 class=\"wp-block-heading has-text-align-center\"><strong><strong>L\u2019expertise qui simplifie la complexit\u00e9<\/strong><\/strong><\/h2>\n\n\n\n<p class=\"has-text-align-center\"><strong>Ing\u00e9nierie strat\u00e9gique pour le BTP, le transport et l\u2019industrie<\/strong><br>Chez EMHING, nous transformons les d\u00e9fis techniques en succ\u00e8s op\u00e9rationnels.<br>Notre mission?&nbsp;<strong>Piloter<\/strong>,&nbsp;<strong>optimiser<\/strong>&nbsp;et&nbsp;<strong>s\u00e9curiser<\/strong>&nbsp;vos projets gr\u00e2ce \u00e0 une approche alliant&nbsp;<strong>innovation technologique<\/strong>,&nbsp;<strong>m\u00e9thodologies \u00e9prouv\u00e9es<\/strong>&nbsp;et&nbsp;<strong>simplicit\u00e9 d\u2019ex\u00e9cution<\/strong>.<\/p>\n<\/div>\n\n\n\n<div class=\"wp-block-column is-layout-flow wp-block-column-is-layout-flow\" style=\"flex-basis:25%\">\n<figure class=\"wp-block-image size-large\"><img loading=\"lazy\" decoding=\"async\" width=\"1024\" height=\"1021\" src=\"http:\/\/emhing.com\/wp-content\/uploads\/2025\/03\/Image-4-1-1024x1021.png\" alt=\"\" class=\"wp-image-20\" srcset=\"https:\/\/emhing.com\/wp-content\/uploads\/2025\/03\/Image-4-1-1024x1021.png 1024w, https:\/\/emhing.com\/wp-content\/uploads\/2025\/03\/Image-4-1-300x300.png 300w, https:\/\/emhing.com\/wp-content\/uploads\/2025\/03\/Image-4-1-150x150.png 150w, https:\/\/emhing.com\/wp-content\/uploads\/2025\/03\/Image-4-1-768x766.png 768w, https:\/\/emhing.com\/wp-content\/uploads\/2025\/03\/Image-4-1-1536x1532.png 1536w, https:\/\/emhing.com\/wp-content\/uploads\/2025\/03\/Image-4-1-2048x2042.png 2048w\" sizes=\"auto, (max-width: 1024px) 100vw, 1024px\" \/><\/figure>\n<\/div>\n<\/div>\n\n\n\n<div style=\"height:50px\" aria-hidden=\"true\" class=\"wp-block-spacer\"><\/div>\n\n\n\n<div class=\"wp-block-group has-global-padding is-layout-constrained wp-block-group-is-layout-constrained\">\n<h2 class=\"wp-block-heading has-text-align-center\"><strong>Nos m\u00e9tiers<\/strong><\/h2>\n\n\n\n<hr class=\"wp-block-separator has-alpha-channel-opacity\"\/>\n\n\n\n<p class=\"has-text-align-center\">Sp\u00e9cialistes de l\u2019ing\u00e9nierie strat\u00e9gique, nous accompagnons les ma\u00eetres d\u2019ouvrage et professionnels du&nbsp;<strong>b\u00e2timent<\/strong>, du&nbsp;<strong>transport ferroviaire, routier<\/strong>,&nbsp;<strong>fluvial<\/strong>&nbsp;et de l\u2019<strong>ing\u00e9nierie complexe<\/strong>&nbsp;dans la r\u00e9ussite de leurs projets.<\/p>\n\n\n\n<hr class=\"wp-block-separator has-alpha-channel-opacity\"\/>\n\n\n\n<div class=\"wp-block-columns is-layout-flex wp-container-core-columns-is-layout-28f84493 wp-block-columns-is-layout-flex\">\n<div class=\"wp-block-column is-layout-flow wp-block-column-is-layout-flow\">\n<figure class=\"wp-block-image aligncenter size-full is-resized\"><img loading=\"lazy\" decoding=\"async\" width=\"288\" height=\"288\" src=\"http:\/\/emhing.com\/wp-content\/uploads\/2025\/04\/AMO-1.png\" alt=\"\" class=\"wp-image-375\" style=\"width:100px\" srcset=\"https:\/\/emhing.com\/wp-content\/uploads\/2025\/04\/AMO-1.png 288w, https:\/\/emhing.com\/wp-content\/uploads\/2025\/04\/AMO-1-150x150.png 150w\" sizes=\"auto, (max-width: 288px) 100vw, 288px\" \/><\/figure>\n\n\n\n<h5 class=\"wp-block-heading has-text-align-center\">AMO<\/h5>\n\n\n\n<p><em>Conseil et assistance technique sur-mesure.<br>De l\u2019\u00e9tude de faisabilit\u00e9 \u00e0 la r\u00e9ception des travaux, nous d\u00e9fendons vos int\u00e9r\u00eats.<\/em><\/p>\n<\/div>\n\n\n\n<div class=\"wp-block-column is-layout-flow wp-block-column-is-layout-flow\">\n<figure class=\"wp-block-image aligncenter size-full is-resized\"><img loading=\"lazy\" decoding=\"async\" width=\"288\" height=\"286\" src=\"http:\/\/emhing.com\/wp-content\/uploads\/2025\/04\/PMO-1.png\" alt=\"\" class=\"wp-image-373\" style=\"width:100px\" srcset=\"https:\/\/emhing.com\/wp-content\/uploads\/2025\/04\/PMO-1.png 288w, https:\/\/emhing.com\/wp-content\/uploads\/2025\/04\/PMO-1-150x150.png 150w\" sizes=\"auto, (max-width: 288px) 100vw, 288px\" \/><\/figure>\n\n\n\n<h5 class=\"wp-block-heading has-text-align-center\">PMO<\/h5>\n\n\n\n<p><em>Pilotage global de vos projets, de la conception \u00e0 la livraison.<br>Centralisation des donn\u00e9es, reporting personnalis\u00e9 et alignement continu avec vos objectifs business.<\/em><\/p>\n<\/div>\n\n\n\n<div class=\"wp-block-column is-layout-flow wp-block-column-is-layout-flow\">\n<figure class=\"wp-block-image aligncenter size-full is-resized\"><img loading=\"lazy\" decoding=\"async\" width=\"288\" height=\"286\" src=\"http:\/\/emhing.com\/wp-content\/uploads\/2025\/04\/OPC-1.png\" alt=\"\" class=\"wp-image-374\" style=\"width:100px\" srcset=\"https:\/\/emhing.com\/wp-content\/uploads\/2025\/04\/OPC-1.png 288w, https:\/\/emhing.com\/wp-content\/uploads\/2025\/04\/OPC-1-150x150.png 150w\" sizes=\"auto, (max-width: 288px) 100vw, 288px\" \/><\/figure>\n\n\n\n<h5 class=\"wp-block-heading has-text-align-center\">OPC<\/h5>\n\n\n\n<p><em>Coordination technique et op\u00e9rationnelle sur le terrain.<br>Garantir la synergie entre tous les acteurs (entreprises, fournisseurs, ma\u00eetrise d\u2019\u0153uvre).<\/em><\/p>\n<\/div>\n\n\n\n<div class=\"wp-block-column is-layout-flow wp-block-column-is-layout-flow\">\n<figure class=\"wp-block-image aligncenter size-full is-resized\"><img loading=\"lazy\" decoding=\"async\" width=\"828\" height=\"828\" src=\"https:\/\/emhing.com\/wp-content\/uploads\/2025\/05\/Sans-titre.png\" alt=\"\" class=\"wp-image-440\" style=\"width:100px;height:auto\" srcset=\"https:\/\/emhing.com\/wp-content\/uploads\/2025\/05\/Sans-titre.png 828w, https:\/\/emhing.com\/wp-content\/uploads\/2025\/05\/Sans-titre-300x300.png 300w, https:\/\/emhing.com\/wp-content\/uploads\/2025\/05\/Sans-titre-150x150.png 150w, https:\/\/emhing.com\/wp-content\/uploads\/2025\/05\/Sans-titre-768x768.png 768w\" sizes=\"auto, (max-width: 828px) 100vw, 828px\" \/><\/figure>\n\n\n\n<h5 class=\"wp-block-heading has-text-align-center\">Logiciel &#8211; outils &#8211; IA<\/h5>\n\n\n\n<p><em>Des outils avanc\u00e9s de planification visuelle pour optimiser les projets, essentiellement Turbo-Chart.<\/em><\/p>\n<\/div>\n<\/div>\n<\/div>\n\n\n\n<div style=\"height:50px\" aria-hidden=\"true\" class=\"wp-block-spacer\"><\/div>\n\n\n\n<div class=\"wp-block-group has-global-padding is-layout-constrained wp-block-group-is-layout-constrained\">\n<h2 class=\"wp-block-heading has-text-align-center\"><strong>Pourquoi EMHING<\/strong><\/h2>\n\n\n\n<hr class=\"wp-block-separator has-alpha-channel-opacity\"\/>\n\n\n\n<p class=\"has-text-align-center\">Chez&nbsp;<strong>EMHING<\/strong>, les valeurs ne sont pas de simples intentions : elles guident concr\u00e8tement notre mani\u00e8re de travailler, de piloter et d\u2019accompagner chaque projet.<br>Elles sont le reflet de notre engagement quotidien et de la vision port\u00e9e par notre pr\u00e9sident, fort de 15 ann\u00e9es d\u2019exp\u00e9rience terrain.<br>Dans un secteur exigeant, o\u00f9 les enjeux sont techniques, humains et strat\u00e9giques, nous avons fait le choix d\u2019un&nbsp;<strong>socle de valeurs claires et assum\u00e9es<\/strong>, qui constituent l\u2019ADN de notre soci\u00e9t\u00e9.<\/p>\n\n\n\n<hr class=\"wp-block-separator has-alpha-channel-opacity\"\/>\n\n\n\n<div class=\"wp-block-columns is-layout-flex wp-container-core-columns-is-layout-28f84493 wp-block-columns-is-layout-flex\">\n<div class=\"wp-block-column is-layout-flow wp-block-column-is-layout-flow\">\n<h5 class=\"wp-block-heading has-text-align-center\"><strong>Polyvalence<\/strong><\/h5>\n\n\n\n<p><em>Exp\u00e9rience transversale et adaptative, sans n\u00e9gliger la qualit\u00e9.<\/em><\/p>\n<\/div>\n\n\n\n<div class=\"wp-block-column is-layout-flow wp-block-column-is-layout-flow\">\n<h5 class=\"wp-block-heading has-text-align-center\"><strong>Courage<\/strong><\/h5>\n\n\n\n<p><em>Nous osons remettre en cause les standards pour&nbsp;<em>trouver des solutions disruptives<\/em>.<\/em><\/p>\n<\/div>\n\n\n\n<div class=\"wp-block-column is-layout-flow wp-block-column-is-layout-flow\">\n<h5 class=\"wp-block-heading has-text-align-center\"><strong>Innovation<\/strong><\/h5>\n\n\n\n<p><em><em>Des outils planification et risque innovants,  s&#8217;appuyant sur l&#8217;IA pour mod\u00e9liser, m\u00eame dans les environnements les plus atypiques.<\/em><\/em><\/p>\n<\/div>\n<\/div>\n<\/div>\n\n\n\n<div style=\"height:50px\" aria-hidden=\"true\" class=\"wp-block-spacer\"><\/div>\n\n\n\n<h4 class=\"wp-block-heading has-text-align-center\"><strong>Nos clients<\/strong><\/h4>\n\n\n\n<hr class=\"wp-block-separator has-alpha-channel-opacity\"\/>\n\n\n<div  ><style id=\"sp_lcp_dynamic_css484\">div#logo-carousel-free-484.logo-carousel-free .sp-lc-logo{border: 1px none #dddddd;border-radius: 0px;overflow: hidden;}div#logo-carousel-free-484.logo-carousel-free .sp-lc-logo:hover{border-color: #16a08b;}#logo-carousel-free-484.sp-lc-container .sp-lc-pagination .swiper-pagination-bullet {background-color: #dddddd;margin: 0 4px;}#logo-carousel-free-484.sp-lc-container .sp-lc-pagination .swiper-pagination-bullet.swiper-pagination-bullet-active{background-color: #16a08b; }#logo-carousel-free-484.sp-lc-container .sp-logo-carousel {padding-top: 46px;}#logo-carousel-free-484.sp-lc-container .sp-lc-button-prev,#logo-carousel-free-484.sp-lc-container .sp-lc-button-next {color: #aaaaaa;background: transparent;border: 1px solid #aaaaaa;line-height: 28px;}#logo-carousel-free-484.sp-lc-container .sp-lc-button-prev:hover,#logo-carousel-free-484.sp-lc-container .sp-lc-button-next:hover{background-color: #16a08b;color: #ffffff;border-color: #16a08b;}@media only screen and (max-width: 576px) {} .logo-carousel-free-area#logo-carousel-free-484{position: relative;}#lcp-preloader-484{position: absolute;left: 0;top: 0;height: 100%;width: 100%;text-align: center;display: flex;align-items: center;justify-content: center;background: #fff;z-index: 9999;} .logo-carousel-free-area#logo-carousel-free-484 .sp-logo-carousel-section-title{margin-bottom: 30px;}#logo-carousel-free-484 .sp-lc-grid-container { justify-content: left; align-items: center; } #logo-carousel-free-484 .swiper-wrapper .swiper-slide { align-self: center; }#logo-carousel-free-484 .sp-lc-grid-container {margin-left: -50px;margin-right: -50px;width: calc( 100% + 100px);}#logo-carousel-free-484 .sp-lc-grid-container [class*=\"lc-col\"] {padding-left: 50px;padding-right: 50px;padding-bottom: 20px;}@media screen and (min-width: 1200px ){.logo-carousel-free-area#logo-carousel-free-484 .sp-logo-carousel:not([class*=\"-initialized\"]) > .swiper-wrapper {display: flex;width: calc( 100% + 100px );}.logo-carousel-free-area#logo-carousel-free-484 .sp-logo-carousel:not([class*=\"-initialized\"]) > .swiper-wrapper > .swiper-slide {width: 25%;padding-right: 100px;}}<\/style>\n<div id='logo-carousel-free-484' class=\"logo-carousel-free logo-carousel-free-area sp-lc-container\">\n\t\t\t<div id=\"lcp-preloader-484\" class=\"sp-logo-carousel-preloader\"><img decoding=\"async\" src=\"https:\/\/emhing.com\/wp-content\/plugins\/logo-carousel-free\/admin\/assets\/images\/spinner.svg\" class=\"skip-lazy\" alt=\"Loader Image\"\/><\/div>\n\t\t\t<div id=\"sp-logo-carousel-id-484\" class=\"swiper-container sp-logo-carousel  lcp-preloader\" dir=\"ltr\" data-carousel='{ \"speed\":600,\"spaceBetween\": 100, \"autoplay\": true, \"infinite\":true, \"autoplay_speed\": 3000, \"stop_onHover\": true, \"pagination\": true, \"navigation\": true, \"MobileNav\": true, \"MobilePagi\": true, \"simulateTouch\": true,\"freeMode\": false,\"swipeToSlide\": false, \"carousel_accessibility\": true,\"adaptiveHeight\": false,\"allowTouchMove\": true, \"slidesPerView\": { \"lg_desktop\": 4, \"desktop\": 4, \"tablet\": 3, \"mobile\": 1, \"mobile_landscape\": 2 } }' data-carousel-starts-onscreen=\"false\">\n\t\t<div class=\"swiper-wrapper\">\n\t\t\t\t<div class=\"swiper-slide\"><div class=\"sp-lc-logo\"><img loading=\"lazy\" decoding=\"async\" src=\"https:\/\/emhing.com\/wp-content\/uploads\/2025\/05\/image-6834552-20220421-ob_8b255d_81-5fc6581a822f9-orig-1-300x213.png\" title=\"\" alt=\"\" width=\"300\" height=\"213\" class=\"sp-lc-image skip-lazy\"><\/div><\/div>\n\t\t<div class=\"swiper-slide\"><div class=\"sp-lc-logo\"><img loading=\"lazy\" decoding=\"async\" src=\"https:\/\/emhing.com\/wp-content\/uploads\/2025\/05\/logo-sncf-reseau-300x212.png\" title=\"\" alt=\"\" width=\"300\" height=\"212\" class=\"sp-lc-image skip-lazy\"><\/div><\/div>\n\t\t<div class=\"swiper-slide\"><div class=\"sp-lc-logo\"><img loading=\"lazy\" decoding=\"async\" src=\"https:\/\/emhing.com\/wp-content\/uploads\/2025\/05\/unnamed-300x300.png\" title=\"\" alt=\"\" width=\"300\" height=\"300\" class=\"sp-lc-image skip-lazy\"><\/div><\/div>\n\t\t<div class=\"swiper-slide\"><div class=\"sp-lc-logo\"><img loading=\"lazy\" decoding=\"async\" src=\"https:\/\/emhing.com\/wp-content\/uploads\/2025\/05\/logo-mae.png\" title=\"\" alt=\"\" width=\"207\" height=\"162\" class=\"sp-lc-image skip-lazy\"><\/div><\/div>\n\t\t<div class=\"swiper-slide\"><div class=\"sp-lc-logo\"><img loading=\"lazy\" decoding=\"async\" src=\"https:\/\/emhing.com\/wp-content\/uploads\/2025\/05\/000016489-300x103.jpg\" title=\"\" alt=\"\" width=\"300\" height=\"103\" class=\"sp-lc-image skip-lazy\"><\/div><\/div>\n\t\t<div class=\"swiper-slide\"><div class=\"sp-lc-logo\"><img loading=\"lazy\" decoding=\"async\" src=\"https:\/\/emhing.com\/wp-content\/uploads\/2025\/04\/logo-300x132.jpg\" title=\"\" alt=\"\" width=\"300\" height=\"132\" class=\"sp-lc-image skip-lazy\"><\/div><\/div>\n\t\t<div class=\"swiper-slide\"><div class=\"sp-lc-logo\"><img loading=\"lazy\" decoding=\"async\" src=\"https:\/\/emhing.com\/wp-content\/uploads\/2025\/05\/HAROPA_logo-300x109.png\" title=\"\" alt=\"\" width=\"300\" height=\"109\" class=\"sp-lc-image skip-lazy\"><\/div><\/div>\n\t\t\t<\/div>\n\n\t\t\t\t\t<div class=\"sp-lc-pagination swiper-pagination dots\"><\/div>\n\t\t\t\t\t\t<div class=\"sp-lc-button-next\"><i class=\"fa fa-angle-right\"><\/i><\/div>\n\t\t\t<div class=\"sp-lc-button-prev\"><i class=\"fa fa-angle-left\"><\/i><\/div>\n\t\t\t\t<\/div>\n<\/div>\n<\/div>\n\n\n<div class=\"wp-block-buttons is-horizontal is-content-justification-center is-layout-flex wp-container-core-buttons-is-layout-ef5ce59c wp-block-buttons-is-layout-flex\">\n<div class=\"wp-block-button has-custom-width wp-block-button__width-50 is-style-fill\"><a class=\"wp-block-button__link has-cyan-bluish-gray-background-color has-background has-custom-font-size wp-element-button\" href=\"https:\/\/emhing.com\/index.php\/contact\/\" style=\"font-size:clamp(14px, 0.875rem + ((1vw - 3.2px) * 0.298), 19px);font-style:normal;font-weight:900\">Nous contacter<\/a><\/div>\n<\/div>\n","protected":false},"excerpt":{"rendered":"<p>L\u2019expertise qui simplifie la complexit\u00e9 Ing\u00e9nierie strat\u00e9gique pour le BTP, le transport et l\u2019industrieChez EMHING, nous transformons les d\u00e9fis techniques en succ\u00e8s op\u00e9rationnels.Notre mission?&nbsp;Piloter,&nbsp;optimiser&nbsp;et&nbsp;s\u00e9curiser&nbsp;vos projets gr\u00e2ce \u00e0 une approche alliant&nbsp;innovation technologique,&nbsp;m\u00e9thodologies \u00e9prouv\u00e9es&nbsp;et&nbsp;simplicit\u00e9 d\u2019ex\u00e9cution. Nos m\u00e9tiers Sp\u00e9cialistes de l\u2019ing\u00e9nierie strat\u00e9gique, nous accompagnons les ma\u00eetres d\u2019ouvrage et professionnels du&nbsp;b\u00e2timent, du&nbsp;transport ferroviaire, routier,&nbsp;fluvial&nbsp;et de l\u2019ing\u00e9nierie complexe&nbsp;dans la r\u00e9ussite [&hellip;]<\/p>\n","protected":false},"author":1,"featured_media":0,"parent":0,"menu_order":0,"comment_status":"closed","ping_status":"closed","template":"","meta":{"footnotes":""},"class_list":["post-180","page","type-page","status-publish","hentry"],"_links":{"self":[{"href":"https:\/\/emhing.com\/index.php\/wp-json\/wp\/v2\/pages\/180","targetHints":{"allow":["GET"]}}],"collection":[{"href":"https:\/\/emhing.com\/index.php\/wp-json\/wp\/v2\/pages"}],"about":[{"href":"https:\/\/emhing.com\/index.php\/wp-json\/wp\/v2\/types\/page"}],"author":[{"embeddable":true,"href":"https:\/\/emhing.com\/index.php\/wp-json\/wp\/v2\/users\/1"}],"replies":[{"embeddable":true,"href":"https:\/\/emhing.com\/index.php\/wp-json\/wp\/v2\/comments?post=180"}],"version-history":[{"count":58,"href":"https:\/\/emhing.com\/index.php\/wp-json\/wp\/v2\/pages\/180\/revisions"}],"predecessor-version":[{"id":539,"href":"https:\/\/emhing.com\/index.php\/wp-json\/wp\/v2\/pages\/180\/revisions\/539"}],"wp:attachment":[{"href":"https:\/\/emhing.com\/index.php\/wp-json\/wp\/v2\/media?parent=180"}],"curies":[{"name":"wp","href":"https:\/\/api.w.org\/{rel}","templated":true}]}}