{"id":362,"date":"2025-04-23T00:25:24","date_gmt":"2025-04-22T22:25:24","guid":{"rendered":"https:\/\/emhing.com\/?page_id=362"},"modified":"2025-05-26T16:08:40","modified_gmt":"2025-05-26T14:08:40","slug":"amo","status":"publish","type":"page","link":"https:\/\/emhing.com\/index.php\/amo\/","title":{"rendered":"AMO"},"content":{"rendered":"\n<h2 class=\"wp-block-heading\">M\u00e9tier de l&#8217;AMO<\/h2>\n\n\n\n<div class=\"wp-block-columns is-layout-flex wp-container-core-columns-is-layout-28f84493 wp-block-columns-is-layout-flex\">\n<div class=\"wp-block-column is-layout-flow wp-block-column-is-layout-flow\">\n<blockquote class=\"wp-block-quote is-layout-flow wp-block-quote-is-layout-flow\">\n<h4 class=\"wp-block-heading has-text-align-left\">AMO Technique :<\/h4>\n\n\n\n<p class=\"has-text-align-left\"><em>Garantir l\u2019excellence technique et op\u00e9rationnelle de votre projet, de la conception aux livrables finaux.<\/em><\/p>\n<\/blockquote>\n<\/div>\n\n\n\n<div class=\"wp-block-column is-layout-flow wp-block-column-is-layout-flow\">\n<figure class=\"wp-block-image size-full\"><img loading=\"lazy\" decoding=\"async\" width=\"1024\" height=\"1024\" src=\"https:\/\/emhing.com\/wp-content\/uploads\/2025\/04\/f79f58d5-33de-4320-897b-2a1afc46374d.png\" alt=\"\" class=\"wp-image-419\" srcset=\"https:\/\/emhing.com\/wp-content\/uploads\/2025\/04\/f79f58d5-33de-4320-897b-2a1afc46374d.png 1024w, https:\/\/emhing.com\/wp-content\/uploads\/2025\/04\/f79f58d5-33de-4320-897b-2a1afc46374d-300x300.png 300w, https:\/\/emhing.com\/wp-content\/uploads\/2025\/04\/f79f58d5-33de-4320-897b-2a1afc46374d-150x150.png 150w, https:\/\/emhing.com\/wp-content\/uploads\/2025\/04\/f79f58d5-33de-4320-897b-2a1afc46374d-768x768.png 768w\" sizes=\"auto, (max-width: 1024px) 100vw, 1024px\" \/><\/figure>\n<\/div>\n<\/div>\n\n\n\n<ul class=\"wp-block-list\">\n<li><strong>Suivi et pilotage technique des intervenants<\/strong>&nbsp;: Supervision des MOE, contr\u00f4le de la conformit\u00e9 technique, r\u00e9solution des conflits.<\/li>\n\n\n\n<li><strong>Assurance des livrables MOA<\/strong>&nbsp;: Validation des documents techniques (CCTP, DCE), respect des sp\u00e9cifications fonctionnelles.<\/li>\n\n\n\n<li><strong>Pilotage des acquisitions de donn\u00e9es d\u2019entr\u00e9e<\/strong>&nbsp;: Collecte et analyse des donn\u00e9es techniques (g\u00e9otechniques, r\u00e9glementaires, logistiques).<\/li>\n<\/ul>\n\n\n\n<div style=\"height:100px\" aria-hidden=\"true\" class=\"wp-block-spacer\"><\/div>\n\n\n\n<div class=\"wp-block-columns is-layout-flex wp-container-core-columns-is-layout-28f84493 wp-block-columns-is-layout-flex\">\n<div class=\"wp-block-column is-layout-flow wp-block-column-is-layout-flow\">\n<figure class=\"wp-block-image size-full is-resized\"><img loading=\"lazy\" decoding=\"async\" width=\"1120\" height=\"1120\" src=\"https:\/\/emhing.com\/wp-content\/uploads\/2025\/04\/Design-sans-titre.png\" alt=\"\" class=\"wp-image-402\" style=\"width:auto;height:150px\" srcset=\"https:\/\/emhing.com\/wp-content\/uploads\/2025\/04\/Design-sans-titre.png 1120w, https:\/\/emhing.com\/wp-content\/uploads\/2025\/04\/Design-sans-titre-300x300.png 300w, https:\/\/emhing.com\/wp-content\/uploads\/2025\/04\/Design-sans-titre-1024x1024.png 1024w, https:\/\/emhing.com\/wp-content\/uploads\/2025\/04\/Design-sans-titre-150x150.png 150w, https:\/\/emhing.com\/wp-content\/uploads\/2025\/04\/Design-sans-titre-768x768.png 768w, https:\/\/emhing.com\/wp-content\/uploads\/2025\/04\/Design-sans-titre-1080x1080.png 1080w\" sizes=\"auto, (max-width: 1120px) 100vw, 1120px\" \/><\/figure>\n<\/div>\n\n\n\n<div class=\"wp-block-column is-layout-flow wp-block-column-is-layout-flow\">\n<blockquote class=\"wp-block-quote is-layout-flow wp-block-quote-is-layout-flow\">\n<h4 class=\"wp-block-heading has-text-align-left\">AMO Planning :<\/h4>\n\n\n\n<p class=\"has-text-align-left\"><em>Une planification sans failles, soutenue par des m\u00e9thodes \u00e9prouv\u00e9es et des outils innovants.<\/em><\/p>\n<\/blockquote>\n<\/div>\n<\/div>\n\n\n\n<ul class=\"wp-block-list\">\n<li><strong>Biblioth\u00e8que de m\u00e9thodes<\/strong>&nbsp;: M\u00e9thodologies vari\u00e9es (chemin critique, Lean Construction, Last Planner).<\/li>\n\n\n\n<li><strong>Pilotage par le d\u00e9lai<\/strong>&nbsp;: Analyse des risques de retard + plans de rattrapage personnalis\u00e9s.<\/li>\n\n\n\n<li><strong>Outils complets<\/strong>&nbsp;: Plateforme int\u00e9grant Gantt dynamique, simulateur de sc\u00e9narios, et reporting automatique.<\/li>\n<\/ul>\n\n\n\n<div style=\"height:100px\" aria-hidden=\"true\" class=\"wp-block-spacer\"><\/div>\n\n\n\n<div class=\"wp-block-columns is-layout-flex wp-container-core-columns-is-layout-28f84493 wp-block-columns-is-layout-flex\">\n<div class=\"wp-block-column is-layout-flow wp-block-column-is-layout-flow\">\n<blockquote class=\"wp-block-quote is-layout-flow wp-block-quote-is-layout-flow\">\n<h4 class=\"wp-block-heading has-text-align-left\">Conduite d&#8217;op\u00e9ration :<\/h4>\n\n\n\n<p class=\"has-text-align-left\"><em><em>Un chef d\u2019orchestre unique pour piloter votre projet dans toutes ses dimensions.<\/em><\/em><\/p>\n<\/blockquote>\n<\/div>\n\n\n\n<div class=\"wp-block-column is-layout-flow wp-block-column-is-layout-flow\">\n<figure class=\"wp-block-image size-full is-resized\"><img loading=\"lazy\" decoding=\"async\" width=\"900\" height=\"900\" src=\"http:\/\/emhing.com\/wp-content\/uploads\/2025\/04\/assistance-maitrise-douvrage-en-bleu-gris-sans-ecriture.jpg\" alt=\"\" class=\"wp-image-103\" style=\"width:auto;height:150px\" srcset=\"https:\/\/emhing.com\/wp-content\/uploads\/2025\/04\/assistance-maitrise-douvrage-en-bleu-gris-sans-ecriture.jpg 900w, https:\/\/emhing.com\/wp-content\/uploads\/2025\/04\/assistance-maitrise-douvrage-en-bleu-gris-sans-ecriture-300x300.jpg 300w, https:\/\/emhing.com\/wp-content\/uploads\/2025\/04\/assistance-maitrise-douvrage-en-bleu-gris-sans-ecriture-150x150.jpg 150w, https:\/\/emhing.com\/wp-content\/uploads\/2025\/04\/assistance-maitrise-douvrage-en-bleu-gris-sans-ecriture-768x768.jpg 768w\" sizes=\"auto, (max-width: 900px) 100vw, 900px\" \/><\/figure>\n<\/div>\n<\/div>\n\n\n\n<ul class=\"wp-block-list\">\n<li><strong>Int\u00e9gration AMO Technique + AMO Planning<\/strong>&nbsp;: Coh\u00e9rence technique et calendaire.<\/li>\n\n\n\n<li><strong>Volet financier<\/strong>&nbsp;: Suivi des engagements contractuels, alertes sur les d\u00e9passements de budget.<\/li>\n\n\n\n<li><strong>Lien avec les externes<\/strong>&nbsp;: Coordination avec collectivit\u00e9s, gestionnaires de r\u00e9seaux, projets adjacents.<\/li>\n<\/ul>\n","protected":false},"excerpt":{"rendered":"<p>M\u00e9tier de l&#8217;AMO AMO Technique : Garantir l\u2019excellence technique et op\u00e9rationnelle de votre projet, de la conception aux livrables finaux. AMO Planning : Une planification sans failles, soutenue par des m\u00e9thodes \u00e9prouv\u00e9es et des outils innovants. Conduite d&#8217;op\u00e9ration : Un chef d\u2019orchestre unique pour piloter votre projet dans toutes ses dimensions.<\/p>\n","protected":false},"author":1,"featured_media":0,"parent":0,"menu_order":0,"comment_status":"closed","ping_status":"closed","template":"","meta":{"footnotes":""},"class_list":["post-362","page","type-page","status-publish","hentry"],"_links":{"self":[{"href":"https:\/\/emhing.com\/index.php\/wp-json\/wp\/v2\/pages\/362","targetHints":{"allow":["GET"]}}],"collection":[{"href":"https:\/\/emhing.com\/index.php\/wp-json\/wp\/v2\/pages"}],"about":[{"href":"https:\/\/emhing.com\/index.php\/wp-json\/wp\/v2\/types\/page"}],"author":[{"embeddable":true,"href":"https:\/\/emhing.com\/index.php\/wp-json\/wp\/v2\/users\/1"}],"replies":[{"embeddable":true,"href":"https:\/\/emhing.com\/index.php\/wp-json\/wp\/v2\/comments?post=362"}],"version-history":[{"count":12,"href":"https:\/\/emhing.com\/index.php\/wp-json\/wp\/v2\/pages\/362\/revisions"}],"predecessor-version":[{"id":454,"href":"https:\/\/emhing.com\/index.php\/wp-json\/wp\/v2\/pages\/362\/revisions\/454"}],"wp:attachment":[{"href":"https:\/\/emhing.com\/index.php\/wp-json\/wp\/v2\/media?parent=362"}],"curies":[{"name":"wp","href":"https:\/\/api.w.org\/{rel}","templated":true}]}}