{"id":383,"date":"2025-05-16T13:52:55","date_gmt":"2025-05-16T11:52:55","guid":{"rendered":"https:\/\/emhing.com\/?page_id=383"},"modified":"2025-05-26T17:18:22","modified_gmt":"2025-05-26T15:18:22","slug":"informatique","status":"publish","type":"page","link":"https:\/\/emhing.com\/index.php\/informatique\/","title":{"rendered":"Logiciels &#8211; Outils &#8211; IA"},"content":{"rendered":"\n<h2 class=\"wp-block-heading\">Logiciels &#8211; Outils &#8211; AI<\/h2>\n\n\n\n<figure class=\"wp-block-image aligncenter size-full is-resized\"><img loading=\"lazy\" decoding=\"async\" width=\"828\" height=\"828\" src=\"http:\/\/emhing.com\/wp-content\/uploads\/2025\/05\/Sans-titre.png\" alt=\"\" class=\"wp-image-440\" style=\"width:217px;height:auto\" srcset=\"https:\/\/emhing.com\/wp-content\/uploads\/2025\/05\/Sans-titre.png 828w, https:\/\/emhing.com\/wp-content\/uploads\/2025\/05\/Sans-titre-300x300.png 300w, https:\/\/emhing.com\/wp-content\/uploads\/2025\/05\/Sans-titre-150x150.png 150w, https:\/\/emhing.com\/wp-content\/uploads\/2025\/05\/Sans-titre-768x768.png 768w\" sizes=\"auto, (max-width: 828px) 100vw, 828px\" \/><\/figure>\n\n\n\n<p><strong>EMHING, sp\u00e9cialiste en outils de planification et gestion de projet<\/strong><\/p>\n\n\n\n<p>Chez&nbsp;<strong>EMHING<\/strong>, nous sommes sp\u00e9cialis\u00e9s dans la&nbsp;<strong>cr\u00e9ation, le d\u00e9veloppement et le d\u00e9ploiement d\u2019outils de planification<\/strong>&nbsp;adapt\u00e9s aux besoins de nos clients. Que ce soit dans le cadre de missions&nbsp;<strong>OPC, AMO, PMO<\/strong>&nbsp;ou pour des projets sp\u00e9cifiques, nous concevons et mettons en place des solutions sur mesure pour piloter efficacement les projets complexes.<\/p>\n\n\n\n<div class=\"wp-block-media-text is-stacked-on-mobile\" style=\"grid-template-columns:23% auto\"><figure class=\"wp-block-media-text__media\"><img loading=\"lazy\" decoding=\"async\" width=\"579\" height=\"510\" src=\"http:\/\/emhing.com\/wp-content\/uploads\/2025\/05\/TC-e1748272684751.png\" alt=\"\" class=\"wp-image-493 size-full\" srcset=\"https:\/\/emhing.com\/wp-content\/uploads\/2025\/05\/TC-e1748272684751.png 579w, https:\/\/emhing.com\/wp-content\/uploads\/2025\/05\/TC-e1748272684751-300x264.png 300w\" sizes=\"auto, (max-width: 579px) 100vw, 579px\" \/><\/figure><div class=\"wp-block-media-text__content\">\n<h4 class=\"wp-block-heading\"><strong>Turbo-Chart, un outil puissant pour la planification lin\u00e9aire<\/strong><\/h4>\n\n\n\n<p>Parmi les outils que nous int\u00e9grons dans nos prestations,&nbsp;<strong>Turbo-Chart<\/strong>&nbsp;se distingue comme une solution performante pour la planification lin\u00e9aire. Con\u00e7u pour repr\u00e9senter visuellement des activit\u00e9s en fonction du temps et de la distance, Turbo-Chart est particuli\u00e8rement adapt\u00e9 aux projets lin\u00e9aires tels que les&nbsp;<strong>chantiers ferroviaires, routiers, pipelines ou lignes \u00e9lectriques<\/strong>. Il s\u2019interface facilement avec MS Project ou Primavera P6, permettant une repr\u00e9sentation graphique claire et instantan\u00e9e de vos plannings.<\/p>\n\n\n\n<h4 class=\"wp-block-heading\"><strong>EMHING, partenaire officiel Turbo-Chart en France<\/strong><\/h4>\n\n\n\n<p>En tant que&nbsp;<strong>partenaire officiel de Turbo-Chart en France<\/strong>, EMHING vous accompagne de bout en bout :<\/p>\n\n\n\n<ul class=\"wp-block-list\">\n<li><strong>Fourniture de licences officielles<\/strong>&nbsp;Turbo-Chart<\/li>\n\n\n\n<li><strong>Formations personnalis\u00e9es<\/strong>&nbsp;en fran\u00e7ais, adapt\u00e9es \u00e0 vos \u00e9quipes et \u00e0 vos projets<\/li>\n\n\n\n<li><strong>Assistance technique et service apr\u00e8s-vente<\/strong>&nbsp;r\u00e9actifs, en langue fran\u00e7aise<\/li>\n<\/ul>\n<\/div><\/div>\n\n\n\n<p>Notre approche va au-del\u00e0 de la simple distribution de logiciels : nous veillons \u00e0&nbsp;<strong>l\u2019int\u00e9gration op\u00e9rationnelle de l\u2019outil dans vos processus<\/strong>, afin qu\u2019il devienne un v\u00e9ritable levier de performance pour votre organisation.<\/p>\n","protected":false},"excerpt":{"rendered":"<p>Logiciels &#8211; Outils &#8211; AI EMHING, sp\u00e9cialiste en outils de planification et gestion de projet Chez&nbsp;EMHING, nous sommes sp\u00e9cialis\u00e9s dans la&nbsp;cr\u00e9ation, le d\u00e9veloppement et le d\u00e9ploiement d\u2019outils de planification&nbsp;adapt\u00e9s aux besoins de nos clients. Que ce soit dans le cadre de missions&nbsp;OPC, AMO, PMO&nbsp;ou pour des projets sp\u00e9cifiques, nous concevons et mettons en place des [&hellip;]<\/p>\n","protected":false},"author":1,"featured_media":0,"parent":0,"menu_order":0,"comment_status":"closed","ping_status":"closed","template":"","meta":{"footnotes":""},"class_list":["post-383","page","type-page","status-publish","hentry"],"_links":{"self":[{"href":"https:\/\/emhing.com\/index.php\/wp-json\/wp\/v2\/pages\/383","targetHints":{"allow":["GET"]}}],"collection":[{"href":"https:\/\/emhing.com\/index.php\/wp-json\/wp\/v2\/pages"}],"about":[{"href":"https:\/\/emhing.com\/index.php\/wp-json\/wp\/v2\/types\/page"}],"author":[{"embeddable":true,"href":"https:\/\/emhing.com\/index.php\/wp-json\/wp\/v2\/users\/1"}],"replies":[{"embeddable":true,"href":"https:\/\/emhing.com\/index.php\/wp-json\/wp\/v2\/comments?post=383"}],"version-history":[{"count":3,"href":"https:\/\/emhing.com\/index.php\/wp-json\/wp\/v2\/pages\/383\/revisions"}],"predecessor-version":[{"id":495,"href":"https:\/\/emhing.com\/index.php\/wp-json\/wp\/v2\/pages\/383\/revisions\/495"}],"wp:attachment":[{"href":"https:\/\/emhing.com\/index.php\/wp-json\/wp\/v2\/media?parent=383"}],"curies":[{"name":"wp","href":"https:\/\/api.w.org\/{rel}","templated":true}]}}